{"id":4836,"date":"2026-04-21T09:36:10","date_gmt":"2026-04-21T09:36:10","guid":{"rendered":"https:\/\/meagreelight.com\/?post_type=product&#038;p=4836"},"modified":"2026-04-21T09:36:10","modified_gmt":"2026-04-21T09:36:10","slug":"magnetic-linear-pendant-20w-for-dining-and-reception-zones","status":"publish","type":"product","link":"https:\/\/meagreelight.com\/pt\/magnetic-linear-pendant-20w-for-dining-and-reception-zones\/","title":{"rendered":"Pendente linear magn\u00e9tico 20W para zonas de refei\u00e7\u00e3o e rece\u00e7\u00e3o"},"content":{"rendered":"<p>A lumin\u00e1ria pendente linear magn\u00e9tica 20W \u00e9 uma lumin\u00e1ria linear suspensa concebida para iluminar zonas de refei\u00e7\u00f5es e de rece\u00e7\u00e3o, acrescentando uma linha a\u00e9rea clara a interiores comerciais. Adapta-se a balc\u00f5es de rece\u00e7\u00e3o de hot\u00e9is, \u00e1reas de espera, espa\u00e7os de refei\u00e7\u00f5es e outros locais de frente de casa onde a ilumina\u00e7\u00e3o tem de apoiar a orienta\u00e7\u00e3o e o ambiente. A abordagem do sistema magn\u00e9tico tamb\u00e9m se adequa a projectos que utilizam uma disposi\u00e7\u00e3o de ilumina\u00e7\u00e3o coordenada em \u00e1reas adjacentes.<\/p>","protected":false},"excerpt":{"rendered":"<p>Um pendente linear magn\u00e9tico de 20 W para a ilumina\u00e7\u00e3o de restaurantes e recep\u00e7\u00f5es, adequado para hotelaria, salas de espera e interiores comerciais de frente de loja.<\/p>","protected":false},"featured_media":4844,"template":"","meta":{"_gspb_post_css":""},"product_brand":[],"product_cat":[1449],"product_tag":[],"class_list":{"0":"post-4836","1":"product","2":"type-product","3":"status-publish","4":"has-post-thumbnail","6":"product_cat-magnetic-track-light","8":"first","9":"instock","10":"shipping-taxable","11":"product-type-simple"},"_links":{"self":[{"href":"https:\/\/meagreelight.com\/pt\/wp-json\/wp\/v2\/product\/4836","targetHints":{"allow":["GET"]}}],"collection":[{"href":"https:\/\/meagreelight.com\/pt\/wp-json\/wp\/v2\/product"}],"about":[{"href":"https:\/\/meagreelight.com\/pt\/wp-json\/wp\/v2\/types\/product"}],"wp:featuredmedia":[{"embeddable":true,"href":"https:\/\/meagreelight.com\/pt\/wp-json\/wp\/v2\/media\/4844"}],"wp:attachment":[{"href":"https:\/\/meagreelight.com\/pt\/wp-json\/wp\/v2\/media?parent=4836"}],"wp:term":[{"taxonomy":"product_brand","embeddable":true,"href":"https:\/\/meagreelight.com\/pt\/wp-json\/wp\/v2\/product_brand?post=4836"},{"taxonomy":"product_cat","embeddable":true,"href":"https:\/\/meagreelight.com\/pt\/wp-json\/wp\/v2\/product_cat?post=4836"},{"taxonomy":"product_tag","embeddable":true,"href":"https:\/\/meagreelight.com\/pt\/wp-json\/wp\/v2\/product_tag?post=4836"}],"curies":[{"name":"wp","href":"https:\/\/api.w.org\/{rel}","templated":true}]}}