{"id":4837,"date":"2026-04-21T09:41:02","date_gmt":"2026-04-21T09:41:02","guid":{"rendered":"https:\/\/meagreelight.com\/?post_type=product&#038;p=4837"},"modified":"2026-04-21T09:41:02","modified_gmt":"2026-04-21T09:41:02","slug":"outdoor-led-step-light-5w-for-path-and-stair-guidance","status":"publish","type":"product","link":"https:\/\/meagreelight.com\/fr\/outdoor-led-step-light-5w-for-path-and-stair-guidance\/","title":{"rendered":"Lampe d'ext\u00e9rieur LED 5W pour le guidage dans les chemins et les escaliers"},"content":{"rendered":"<p>Ce luminaire ext\u00e9rieur \u00e0 LED de 5W est con\u00e7u pour fournir un \u00e9clairage de guidage de faible niveau pour les chemins et les escaliers, avec un format de luminaire compact adapt\u00e9 aux bords des marches, aux murs bas ou aux surfaces ext\u00e9rieures adjacentes. Il convient parfaitement aux projets ext\u00e9rieurs des secteurs h\u00f4telier, r\u00e9sidentiel et public o\u00f9 les all\u00e9es et les escaliers ont besoin d'une d\u00e9finition visuelle claire apr\u00e8s la tomb\u00e9e de la nuit. Dans les zones de circulation, ce type d'\u00e9clairage permet de s'orienter sans avoir recours \u00e0 des luminaires plus grands.<\/p>","protected":false},"excerpt":{"rendered":"<p>Ce marchepied \u00e0 LED de 5 W pour l'ext\u00e9rieur permet de guider les personnes sur les chemins et dans les escaliers. Il convient aux all\u00e9es ext\u00e9rieures, aux escaliers et aux zones de circulation dans les projets d'ext\u00e9rieur.<\/p>","protected":false},"featured_media":4847,"template":"","meta":{"_gspb_post_css":""},"product_brand":[],"product_cat":[1450],"product_tag":[],"class_list":{"0":"post-4837","1":"product","2":"type-product","3":"status-publish","4":"has-post-thumbnail","6":"product_cat-outdoor-led-lighting","8":"first","9":"instock","10":"shipping-taxable","11":"product-type-simple"},"_links":{"self":[{"href":"https:\/\/meagreelight.com\/fr\/wp-json\/wp\/v2\/product\/4837","targetHints":{"allow":["GET"]}}],"collection":[{"href":"https:\/\/meagreelight.com\/fr\/wp-json\/wp\/v2\/product"}],"about":[{"href":"https:\/\/meagreelight.com\/fr\/wp-json\/wp\/v2\/types\/product"}],"wp:featuredmedia":[{"embeddable":true,"href":"https:\/\/meagreelight.com\/fr\/wp-json\/wp\/v2\/media\/4847"}],"wp:attachment":[{"href":"https:\/\/meagreelight.com\/fr\/wp-json\/wp\/v2\/media?parent=4837"}],"wp:term":[{"taxonomy":"product_brand","embeddable":true,"href":"https:\/\/meagreelight.com\/fr\/wp-json\/wp\/v2\/product_brand?post=4837"},{"taxonomy":"product_cat","embeddable":true,"href":"https:\/\/meagreelight.com\/fr\/wp-json\/wp\/v2\/product_cat?post=4837"},{"taxonomy":"product_tag","embeddable":true,"href":"https:\/\/meagreelight.com\/fr\/wp-json\/wp\/v2\/product_tag?post=4837"}],"curies":[{"name":"wp","href":"https:\/\/api.w.org\/{rel}","templated":true}]}}