{"id":4836,"date":"2026-04-21T09:36:10","date_gmt":"2026-04-21T09:36:10","guid":{"rendered":"https:\/\/meagreelight.com\/?post_type=product&#038;p=4836"},"modified":"2026-04-21T09:36:10","modified_gmt":"2026-04-21T09:36:10","slug":"magnetic-linear-pendant-20w-for-dining-and-reception-zones","status":"publish","type":"product","link":"https:\/\/meagreelight.com\/fr\/magnetic-linear-pendant-20w-for-dining-and-reception-zones\/","title":{"rendered":"Pendentif lin\u00e9aire magn\u00e9tique 20W pour les salles \u00e0 manger et les zones de r\u00e9ception"},"content":{"rendered":"<p>Magnetic Linear Pendant 20W est un luminaire lin\u00e9aire suspendu con\u00e7u pour l'\u00e9clairage des zones de restauration et de r\u00e9ception, ajoutant une ligne a\u00e9rienne claire aux int\u00e9rieurs commerciaux. Il convient aux bureaux de r\u00e9ception des h\u00f4tels, aux salles d'attente, aux espaces de restauration et \u00e0 d'autres environnements d'accueil o\u00f9 l'\u00e9clairage doit soutenir \u00e0 la fois l'orientation et l'atmosph\u00e8re. L'approche du syst\u00e8me magn\u00e9tique convient \u00e9galement aux projets qui utilisent une disposition coordonn\u00e9e de l'\u00e9clairage dans des zones adjacentes.<\/p>","protected":false},"excerpt":{"rendered":"<p>Suspension lin\u00e9aire magn\u00e9tique de 20 W pour l'\u00e9clairage des salles \u00e0 manger et des r\u00e9ceptions, adapt\u00e9e \u00e0 l'h\u00f4tellerie, aux salles d'attente et aux int\u00e9rieurs commerciaux.<\/p>","protected":false},"featured_media":4844,"template":"","meta":{"_gspb_post_css":""},"product_brand":[],"product_cat":[1449],"product_tag":[],"class_list":{"0":"post-4836","1":"product","2":"type-product","3":"status-publish","4":"has-post-thumbnail","6":"product_cat-magnetic-track-light","8":"first","9":"instock","10":"shipping-taxable","11":"product-type-simple"},"_links":{"self":[{"href":"https:\/\/meagreelight.com\/fr\/wp-json\/wp\/v2\/product\/4836","targetHints":{"allow":["GET"]}}],"collection":[{"href":"https:\/\/meagreelight.com\/fr\/wp-json\/wp\/v2\/product"}],"about":[{"href":"https:\/\/meagreelight.com\/fr\/wp-json\/wp\/v2\/types\/product"}],"wp:featuredmedia":[{"embeddable":true,"href":"https:\/\/meagreelight.com\/fr\/wp-json\/wp\/v2\/media\/4844"}],"wp:attachment":[{"href":"https:\/\/meagreelight.com\/fr\/wp-json\/wp\/v2\/media?parent=4836"}],"wp:term":[{"taxonomy":"product_brand","embeddable":true,"href":"https:\/\/meagreelight.com\/fr\/wp-json\/wp\/v2\/product_brand?post=4836"},{"taxonomy":"product_cat","embeddable":true,"href":"https:\/\/meagreelight.com\/fr\/wp-json\/wp\/v2\/product_cat?post=4836"},{"taxonomy":"product_tag","embeddable":true,"href":"https:\/\/meagreelight.com\/fr\/wp-json\/wp\/v2\/product_tag?post=4836"}],"curies":[{"name":"wp","href":"https:\/\/api.w.org\/{rel}","templated":true}]}}