{"id":4834,"date":"2026-04-21T09:31:58","date_gmt":"2026-04-21T09:31:58","guid":{"rendered":"https:\/\/meagreelight.com\/?post_type=product&#038;p=4834"},"modified":"2026-04-21T09:31:58","modified_gmt":"2026-04-21T09:31:58","slug":"narrow-beam-led-ceiling-spotlight-10w-for-jewelry-display-focus","status":"publish","type":"product","link":"https:\/\/meagreelight.com\/fr\/narrow-beam-led-ceiling-spotlight-10w-for-jewelry-display-focus\/","title":{"rendered":"Projecteur LED de plafond \u00e0 faisceau \u00e9troit 10W pour l'exposition de bijoux Focus"},"content":{"rendered":"<p>Ce projecteur de plafond \u00e0 LED \u00e0 faisceau \u00e9troit de 10 W est destin\u00e9 \u00e0 la pr\u00e9sentation de bijoux, fournissant un \u00e9clairage d'accentuation concentr\u00e9 sur les petites pi\u00e8ces pr\u00e9sent\u00e9es depuis le plafond. Il convient aux bijouteries, aux comptoirs d'exposition, aux vitrines et aux autres espaces de vente au d\u00e9tail o\u00f9 les bagues, les montres et les articles similaires doivent \u00eatre clairement mis en valeur. Le format \u00e0 faisceau \u00e9troit est particuli\u00e8rement utile dans les espaces o\u00f9 l'on recherche une mise en valeur pr\u00e9cise plut\u00f4t qu'une large couverture ambiante.<\/p>","protected":false},"excerpt":{"rendered":"<p>Projecteur plafonnier LED 10W \u00e0 faisceau \u00e9troit pour la mise en valeur des bijoux dans les vitrines, les comptoirs et les int\u00e9rieurs de magasins o\u00f9 les petits produits ont besoin d'un \u00e9clairage d'accentuation pr\u00e9cis.<\/p>","protected":false},"featured_media":4838,"template":"","meta":{"_gspb_post_css":""},"product_brand":[],"product_cat":[1447],"product_tag":[],"class_list":{"0":"post-4834","1":"product","2":"type-product","3":"status-publish","4":"has-post-thumbnail","6":"product_cat-led-spotlights","8":"first","9":"instock","10":"shipping-taxable","11":"product-type-simple"},"_links":{"self":[{"href":"https:\/\/meagreelight.com\/fr\/wp-json\/wp\/v2\/product\/4834","targetHints":{"allow":["GET"]}}],"collection":[{"href":"https:\/\/meagreelight.com\/fr\/wp-json\/wp\/v2\/product"}],"about":[{"href":"https:\/\/meagreelight.com\/fr\/wp-json\/wp\/v2\/types\/product"}],"wp:featuredmedia":[{"embeddable":true,"href":"https:\/\/meagreelight.com\/fr\/wp-json\/wp\/v2\/media\/4838"}],"wp:attachment":[{"href":"https:\/\/meagreelight.com\/fr\/wp-json\/wp\/v2\/media?parent=4834"}],"wp:term":[{"taxonomy":"product_brand","embeddable":true,"href":"https:\/\/meagreelight.com\/fr\/wp-json\/wp\/v2\/product_brand?post=4834"},{"taxonomy":"product_cat","embeddable":true,"href":"https:\/\/meagreelight.com\/fr\/wp-json\/wp\/v2\/product_cat?post=4834"},{"taxonomy":"product_tag","embeddable":true,"href":"https:\/\/meagreelight.com\/fr\/wp-json\/wp\/v2\/product_tag?post=4834"}],"curies":[{"name":"wp","href":"https:\/\/api.w.org\/{rel}","templated":true}]}}