{"id":4822,"date":"2026-04-21T09:26:37","date_gmt":"2026-04-21T09:26:37","guid":{"rendered":"https:\/\/meagreelight.com\/?post_type=product&#038;p=4822"},"modified":"2026-04-21T09:26:37","modified_gmt":"2026-04-21T09:26:37","slug":"recessed-linear-grille-light-18w-for-retail-walkway-illumination","status":"publish","type":"product","link":"https:\/\/meagreelight.com\/fr\/recessed-linear-grille-light-18w-for-retail-walkway-illumination\/","title":{"rendered":"Grille lumineuse lin\u00e9aire encastr\u00e9e 18W pour l'\u00e9clairage des all\u00e9es de magasins"},"content":{"rendered":"<p>Ce luminaire encastr\u00e9 \u00e0 grille lin\u00e9aire de 18 W est con\u00e7u pour l'\u00e9clairage des all\u00e9es de magasins, combinant une installation encastr\u00e9e au plafond avec un format lin\u00e9aire pour un \u00e9clairage a\u00e9rien d\u00e9fini. Il convient aux all\u00e9es des magasins, aux voies de circulation et aux zones de transition o\u00f9 un plafond bien ordonn\u00e9 et un \u00e9clairage clair sont n\u00e9cessaires. Dans les projets de vente au d\u00e9tail, ce type de luminaire permet d'organiser visuellement l'all\u00e9e tout en soutenant la disposition g\u00e9n\u00e9rale de l'\u00e9clairage.<\/p>","protected":false},"excerpt":{"rendered":"<p>Grille lumineuse lin\u00e9aire encastr\u00e9e de 18W pour l'\u00e9clairage des all\u00e9es de magasins, des voies de circulation et des zones de passage int\u00e9rieures.<\/p>","protected":false},"featured_media":4831,"template":"","meta":{"_gspb_post_css":""},"product_brand":[],"product_cat":[1446],"product_tag":[],"class_list":{"0":"post-4822","1":"product","2":"type-product","3":"status-publish","4":"has-post-thumbnail","6":"product_cat-led-linear-lighting","8":"first","9":"instock","10":"shipping-taxable","11":"product-type-simple"},"_links":{"self":[{"href":"https:\/\/meagreelight.com\/fr\/wp-json\/wp\/v2\/product\/4822","targetHints":{"allow":["GET"]}}],"collection":[{"href":"https:\/\/meagreelight.com\/fr\/wp-json\/wp\/v2\/product"}],"about":[{"href":"https:\/\/meagreelight.com\/fr\/wp-json\/wp\/v2\/types\/product"}],"wp:featuredmedia":[{"embeddable":true,"href":"https:\/\/meagreelight.com\/fr\/wp-json\/wp\/v2\/media\/4831"}],"wp:attachment":[{"href":"https:\/\/meagreelight.com\/fr\/wp-json\/wp\/v2\/media?parent=4822"}],"wp:term":[{"taxonomy":"product_brand","embeddable":true,"href":"https:\/\/meagreelight.com\/fr\/wp-json\/wp\/v2\/product_brand?post=4822"},{"taxonomy":"product_cat","embeddable":true,"href":"https:\/\/meagreelight.com\/fr\/wp-json\/wp\/v2\/product_cat?post=4822"},{"taxonomy":"product_tag","embeddable":true,"href":"https:\/\/meagreelight.com\/fr\/wp-json\/wp\/v2\/product_tag?post=4822"}],"curies":[{"name":"wp","href":"https:\/\/api.w.org\/{rel}","templated":true}]}}