{"id":4819,"date":"2026-04-21T09:19:17","date_gmt":"2026-04-21T09:19:17","guid":{"rendered":"https:\/\/meagreelight.com\/?post_type=product&#038;p=4819"},"modified":"2026-04-21T09:19:17","modified_gmt":"2026-04-21T09:19:17","slug":"high-cri-commercial-led-spotlight-12w-for-premium-retail-displays","status":"publish","type":"product","link":"https:\/\/meagreelight.com\/fr\/high-cri-commercial-led-spotlight-12w-for-premium-retail-displays\/","title":{"rendered":"Projecteur LED commercial 12W \u00e0 IRC \u00e9lev\u00e9 pour les \u00e9talages de vente au d\u00e9tail haut de gamme"},"content":{"rendered":"<p>Ce projecteur LED commercial de 12 W \u00e0 IRC \u00e9lev\u00e9 est destin\u00e9 aux pr\u00e9sentoirs de vente au d\u00e9tail haut de gamme, fournissant un \u00e9clairage d'accentuation cibl\u00e9 o\u00f9 la pr\u00e9sentation des couleurs des produits doit rester claire et fiable. Il convient aux boutiques, aux pr\u00e9sentoirs de mode, aux comptoirs de bijouterie et aux vitrines de marque o\u00f9 les articles en vedette doivent \u00eatre mis en valeur dans un cadre int\u00e9rieur raffin\u00e9. Pour les projets de vente au d\u00e9tail qui d\u00e9pendent de l'apparence pr\u00e9cise des marchandises, un projecteur \u00e0 IRC \u00e9lev\u00e9 est une sp\u00e9cification pratique.<\/p>","protected":false},"excerpt":{"rendered":"<p>Projecteur LED commercial de 12W \u00e0 IRC \u00e9lev\u00e9 pour les pr\u00e9sentoirs de d\u00e9tail haut de gamme dans les boutiques, les magasins de mode et les zones de pr\u00e9sentation de marchandises de marque.<\/p>","protected":false},"featured_media":4823,"template":"","meta":{"_gspb_post_css":""},"product_brand":[],"product_cat":[15],"product_tag":[],"class_list":{"0":"post-4819","1":"product","2":"type-product","3":"status-publish","4":"has-post-thumbnail","6":"product_cat-led-commercial-lighting","8":"first","9":"instock","10":"shipping-taxable","11":"product-type-simple"},"_links":{"self":[{"href":"https:\/\/meagreelight.com\/fr\/wp-json\/wp\/v2\/product\/4819","targetHints":{"allow":["GET"]}}],"collection":[{"href":"https:\/\/meagreelight.com\/fr\/wp-json\/wp\/v2\/product"}],"about":[{"href":"https:\/\/meagreelight.com\/fr\/wp-json\/wp\/v2\/types\/product"}],"wp:featuredmedia":[{"embeddable":true,"href":"https:\/\/meagreelight.com\/fr\/wp-json\/wp\/v2\/media\/4823"}],"wp:attachment":[{"href":"https:\/\/meagreelight.com\/fr\/wp-json\/wp\/v2\/media?parent=4819"}],"wp:term":[{"taxonomy":"product_brand","embeddable":true,"href":"https:\/\/meagreelight.com\/fr\/wp-json\/wp\/v2\/product_brand?post=4819"},{"taxonomy":"product_cat","embeddable":true,"href":"https:\/\/meagreelight.com\/fr\/wp-json\/wp\/v2\/product_cat?post=4819"},{"taxonomy":"product_tag","embeddable":true,"href":"https:\/\/meagreelight.com\/fr\/wp-json\/wp\/v2\/product_tag?post=4819"}],"curies":[{"name":"wp","href":"https:\/\/api.w.org\/{rel}","templated":true}]}}