{"id":4791,"date":"2026-04-21T08:49:32","date_gmt":"2026-04-21T08:49:32","guid":{"rendered":"https:\/\/meagreelight.com\/?post_type=product&#038;p=4791"},"modified":"2026-04-21T08:49:32","modified_gmt":"2026-04-21T08:49:32","slug":"cob-led-downlight-20w-for-retail-accent-lighting","status":"publish","type":"product","link":"https:\/\/meagreelight.com\/fr\/cob-led-downlight-20w-for-retail-accent-lighting\/","title":{"rendered":"COB LED Downlight 20W pour l'\u00e9clairage d'accentuation des magasins"},"content":{"rendered":"<p>Le COB LED Downlight 20W est un plafonnier encastr\u00e9 destin\u00e9 \u00e0 l'\u00e9clairage d'accentuation des magasins, permettant d'attirer l'attention sur des marchandises et des zones d'exposition s\u00e9lectionn\u00e9es. Il convient aux boutiques, aux planchers de magasins, aux murs de produits, aux zones de rayonnages et aux zones de caisses, o\u00f9 l'\u00e9clairage cibl\u00e9 du plafond soutient la hi\u00e9rarchie visuelle dans le magasin. Le format downlight rend la pr\u00e9sentation du plafond visuellement plus silencieuse, ce qui convient parfaitement aux projets de vente au d\u00e9tail o\u00f9 l'\u00e9clairage doit s'int\u00e9grer parfaitement \u00e0 l'ensemble de l'am\u00e9nagement int\u00e9rieur.<\/p>","protected":false},"excerpt":{"rendered":"<p>Un downlight \u00e0 LED COB de 20W pour un \u00e9clairage d'accentuation encastr\u00e9, utilis\u00e9 pour mettre en valeur les marchandises dans les boutiques, les zones d'exposition, les rayonnages et l'int\u00e9rieur des magasins.<\/p>","protected":false},"featured_media":4799,"template":"","meta":{"_gspb_post_css":""},"product_brand":[],"product_cat":[1445],"product_tag":[],"class_list":{"0":"post-4791","1":"product","2":"type-product","3":"status-publish","4":"has-post-thumbnail","6":"product_cat-led-downlights","8":"first","9":"instock","10":"shipping-taxable","11":"product-type-simple"},"_links":{"self":[{"href":"https:\/\/meagreelight.com\/fr\/wp-json\/wp\/v2\/product\/4791","targetHints":{"allow":["GET"]}}],"collection":[{"href":"https:\/\/meagreelight.com\/fr\/wp-json\/wp\/v2\/product"}],"about":[{"href":"https:\/\/meagreelight.com\/fr\/wp-json\/wp\/v2\/types\/product"}],"wp:featuredmedia":[{"embeddable":true,"href":"https:\/\/meagreelight.com\/fr\/wp-json\/wp\/v2\/media\/4799"}],"wp:attachment":[{"href":"https:\/\/meagreelight.com\/fr\/wp-json\/wp\/v2\/media?parent=4791"}],"wp:term":[{"taxonomy":"product_brand","embeddable":true,"href":"https:\/\/meagreelight.com\/fr\/wp-json\/wp\/v2\/product_brand?post=4791"},{"taxonomy":"product_cat","embeddable":true,"href":"https:\/\/meagreelight.com\/fr\/wp-json\/wp\/v2\/product_cat?post=4791"},{"taxonomy":"product_tag","embeddable":true,"href":"https:\/\/meagreelight.com\/fr\/wp-json\/wp\/v2\/product_tag?post=4791"}],"curies":[{"name":"wp","href":"https:\/\/api.w.org\/{rel}","templated":true}]}}