{"id":4789,"date":"2026-04-21T08:42:47","date_gmt":"2026-04-21T08:42:47","guid":{"rendered":"https:\/\/meagreelight.com\/?post_type=product&#038;p=4789"},"modified":"2026-04-21T08:42:47","modified_gmt":"2026-04-21T08:42:47","slug":"linear-commercial-led-fixture-30w-for-open-office-ceilings","status":"publish","type":"product","link":"https:\/\/meagreelight.com\/fr\/linear-commercial-led-fixture-30w-for-open-office-ceilings\/","title":{"rendered":"Luminaire commercial \u00e0 LED 30W pour les plafonds des bureaux ouverts"},"content":{"rendered":"<p>Ce luminaire commercial lin\u00e9aire \u00e0 LED de 30 W est con\u00e7u pour \u00eatre install\u00e9 dans les plafonds des bureaux ouverts, afin d'assurer l'\u00e9clairage g\u00e9n\u00e9ral des zones de travail et des zones int\u00e9rieures partag\u00e9es. Il convient aux bureaux ouverts, aux espaces de collaboration, \u00e0 l'agencement des bureaux et aux voies de circulation dans les projets de travail. Sa forme lin\u00e9aire en fait \u00e9galement un choix pratique pour les projets de plafonds qui n\u00e9cessitent un \u00e9clairage propre et ordonn\u00e9.<\/p>","protected":false},"excerpt":{"rendered":"<p>Luminaire commercial lin\u00e9aire \u00e0 LED de 30W pour l'\u00e9clairage g\u00e9n\u00e9ral des plafonds de bureaux ouverts dans les espaces de travail partag\u00e9s, les zones de bureaux et autres int\u00e9rieurs de lieux de travail.<\/p>","protected":false},"featured_media":4793,"template":"","meta":{"_gspb_post_css":""},"product_brand":[],"product_cat":[15],"product_tag":[],"class_list":{"0":"post-4789","1":"product","2":"type-product","3":"status-publish","4":"has-post-thumbnail","6":"product_cat-led-commercial-lighting","8":"first","9":"instock","10":"shipping-taxable","11":"product-type-simple"},"_links":{"self":[{"href":"https:\/\/meagreelight.com\/fr\/wp-json\/wp\/v2\/product\/4789","targetHints":{"allow":["GET"]}}],"collection":[{"href":"https:\/\/meagreelight.com\/fr\/wp-json\/wp\/v2\/product"}],"about":[{"href":"https:\/\/meagreelight.com\/fr\/wp-json\/wp\/v2\/types\/product"}],"wp:featuredmedia":[{"embeddable":true,"href":"https:\/\/meagreelight.com\/fr\/wp-json\/wp\/v2\/media\/4793"}],"wp:attachment":[{"href":"https:\/\/meagreelight.com\/fr\/wp-json\/wp\/v2\/media?parent=4789"}],"wp:term":[{"taxonomy":"product_brand","embeddable":true,"href":"https:\/\/meagreelight.com\/fr\/wp-json\/wp\/v2\/product_brand?post=4789"},{"taxonomy":"product_cat","embeddable":true,"href":"https:\/\/meagreelight.com\/fr\/wp-json\/wp\/v2\/product_cat?post=4789"},{"taxonomy":"product_tag","embeddable":true,"href":"https:\/\/meagreelight.com\/fr\/wp-json\/wp\/v2\/product_tag?post=4789"}],"curies":[{"name":"wp","href":"https:\/\/api.w.org\/{rel}","templated":true}]}}