{"id":4775,"date":"2026-04-21T08:30:41","date_gmt":"2026-04-21T08:30:41","guid":{"rendered":"https:\/\/meagreelight.com\/?post_type=product&#038;p=4775"},"modified":"2026-04-21T08:30:41","modified_gmt":"2026-04-21T08:30:41","slug":"magnetic-track-grille-light-18w-for-office-ceiling-systems","status":"publish","type":"product","link":"https:\/\/meagreelight.com\/fr\/magnetic-track-grille-light-18w-for-office-ceiling-systems\/","title":{"rendered":"Grille magn\u00e9tique 18W pour plafonds de bureaux"},"content":{"rendered":"<p>Magnetic Track Grille Light 18W est un luminaire \u00e0 rail magn\u00e9tique con\u00e7u pour les syst\u00e8mes de plafonds de bureaux, destin\u00e9 \u00e0 l'\u00e9clairage int\u00e9gr\u00e9 des plafonds dans les lieux de travail contemporains. Il convient aux bureaux \u00e0 aire ouverte, aux salles de r\u00e9union, aux zones de travail cibl\u00e9es et aux espaces de circulation o\u00f9 une disposition coordonn\u00e9e des plafonds fait partie du cahier des charges du projet. Son format sur rail convient \u00e9galement aux int\u00e9rieurs commerciaux qui ont besoin d'un \u00e9clairage faisant partie d'un syst\u00e8me de plafond plus large plut\u00f4t que d'un luminaire s\u00e9par\u00e9.<\/p>","protected":false},"excerpt":{"rendered":"<p>Grille magn\u00e9tique de 18W pour syst\u00e8mes de plafonds de bureaux, utilis\u00e9e pour l'\u00e9clairage int\u00e9gr\u00e9 d'espaces de travail, de salles de r\u00e9union et de projets de bureaux ouverts.<\/p>","protected":false},"featured_media":4783,"template":"","meta":{"_gspb_post_css":""},"product_brand":[],"product_cat":[1449],"product_tag":[],"class_list":{"0":"post-4775","1":"product","2":"type-product","3":"status-publish","4":"has-post-thumbnail","6":"product_cat-magnetic-track-light","8":"first","9":"instock","10":"shipping-taxable","11":"product-type-simple"},"_links":{"self":[{"href":"https:\/\/meagreelight.com\/fr\/wp-json\/wp\/v2\/product\/4775","targetHints":{"allow":["GET"]}}],"collection":[{"href":"https:\/\/meagreelight.com\/fr\/wp-json\/wp\/v2\/product"}],"about":[{"href":"https:\/\/meagreelight.com\/fr\/wp-json\/wp\/v2\/types\/product"}],"wp:featuredmedia":[{"embeddable":true,"href":"https:\/\/meagreelight.com\/fr\/wp-json\/wp\/v2\/media\/4783"}],"wp:attachment":[{"href":"https:\/\/meagreelight.com\/fr\/wp-json\/wp\/v2\/media?parent=4775"}],"wp:term":[{"taxonomy":"product_brand","embeddable":true,"href":"https:\/\/meagreelight.com\/fr\/wp-json\/wp\/v2\/product_brand?post=4775"},{"taxonomy":"product_cat","embeddable":true,"href":"https:\/\/meagreelight.com\/fr\/wp-json\/wp\/v2\/product_cat?post=4775"},{"taxonomy":"product_tag","embeddable":true,"href":"https:\/\/meagreelight.com\/fr\/wp-json\/wp\/v2\/product_tag?post=4775"}],"curies":[{"name":"wp","href":"https:\/\/api.w.org\/{rel}","templated":true}]}}