{"id":4773,"date":"2026-04-21T08:08:13","date_gmt":"2026-04-21T08:08:13","guid":{"rendered":"https:\/\/meagreelight.com\/?post_type=product&#038;p=4773"},"modified":"2026-04-21T08:08:13","modified_gmt":"2026-04-21T08:08:13","slug":"adjustable-cob-led-spotlight-15w-for-museum-display-lighting","status":"publish","type":"product","link":"https:\/\/meagreelight.com\/fr\/adjustable-cob-led-spotlight-15w-for-museum-display-lighting\/","title":{"rendered":"Projecteur LED COB orientable 15W pour l'\u00e9clairage des vitrines de mus\u00e9es"},"content":{"rendered":"<p>Ce projecteur LED COB orientable de 15W est destin\u00e9 \u00e0 l'\u00e9clairage des expositions dans les mus\u00e9es. Il offre aux conservateurs et aux planificateurs de projets une option d'\u00e9clairage directionnel pour les expositions, les \u0153uvres d'art et les objets mis en valeur. Il convient parfaitement aux mus\u00e9es, aux galeries, aux salles d'exposition et aux zones d'exposition o\u00f9 des pi\u00e8ces individuelles doivent \u00eatre mises en valeur dans un environnement int\u00e9rieur contr\u00f4l\u00e9. Son format ajustable permet \u00e9galement d'aligner l'\u00e9clairage sur les changements d'agencement ou les expositions rotatives.<\/p>","protected":false},"excerpt":{"rendered":"<p>Projecteur LED COB 15W orientable pour l'\u00e9clairage des expositions dans les galeries, les salles d'exposition et autres lieux de pr\u00e9sentation.<\/p>","protected":false},"featured_media":4777,"template":"","meta":{"_gspb_post_css":""},"product_brand":[],"product_cat":[1447],"product_tag":[],"class_list":{"0":"post-4773","1":"product","2":"type-product","3":"status-publish","4":"has-post-thumbnail","6":"product_cat-led-spotlights","8":"first","9":"instock","10":"shipping-taxable","11":"product-type-simple"},"_links":{"self":[{"href":"https:\/\/meagreelight.com\/fr\/wp-json\/wp\/v2\/product\/4773","targetHints":{"allow":["GET"]}}],"collection":[{"href":"https:\/\/meagreelight.com\/fr\/wp-json\/wp\/v2\/product"}],"about":[{"href":"https:\/\/meagreelight.com\/fr\/wp-json\/wp\/v2\/types\/product"}],"wp:featuredmedia":[{"embeddable":true,"href":"https:\/\/meagreelight.com\/fr\/wp-json\/wp\/v2\/media\/4777"}],"wp:attachment":[{"href":"https:\/\/meagreelight.com\/fr\/wp-json\/wp\/v2\/media?parent=4773"}],"wp:term":[{"taxonomy":"product_brand","embeddable":true,"href":"https:\/\/meagreelight.com\/fr\/wp-json\/wp\/v2\/product_brand?post=4773"},{"taxonomy":"product_cat","embeddable":true,"href":"https:\/\/meagreelight.com\/fr\/wp-json\/wp\/v2\/product_cat?post=4773"},{"taxonomy":"product_tag","embeddable":true,"href":"https:\/\/meagreelight.com\/fr\/wp-json\/wp\/v2\/product_tag?post=4773"}],"curies":[{"name":"wp","href":"https:\/\/api.w.org\/{rel}","templated":true}]}}