{"id":4755,"date":"2026-04-21T07:46:58","date_gmt":"2026-04-21T07:46:58","guid":{"rendered":"https:\/\/meagreelight.com\/?post_type=product&#038;p=4755"},"modified":"2026-04-21T07:46:58","modified_gmt":"2026-04-21T07:46:58","slug":"adjustable-commercial-led-downlight-18w-for-reception-area-lighting","status":"publish","type":"product","link":"https:\/\/meagreelight.com\/fr\/adjustable-commercial-led-downlight-18w-for-reception-area-lighting\/","title":{"rendered":"Downlight LED commercial orientable 18W pour l'\u00e9clairage des zones de r\u00e9ception"},"content":{"rendered":"<p>Ce downlight LED commercial r\u00e9glable est une option d'\u00e9clairage de plafond de 18 W destin\u00e9e aux zones d'accueil, permettant de diriger la lumi\u00e8re vers des points cl\u00e9s tels que les bureaux d'accueil, les zones d'entr\u00e9e ou les zones d'attente. Il convient aux projets de bureaux, d'h\u00f4tels, de cliniques et d'int\u00e9rieurs commerciaux similaires o\u00f9 les zones de r\u00e9ception, les foyers et les espaces de circulation ont besoin d'une approche d'\u00e9clairage vers le bas propre et cibl\u00e9e.<\/p>","protected":false},"excerpt":{"rendered":"<p>Un downlight LED commercial ajustable de 18W pour l'\u00e9clairage des zones de r\u00e9ception dans les halls d'entr\u00e9e des bureaux, les comptoirs d'h\u00f4tel et autres int\u00e9rieurs de devanture.<\/p>","protected":false},"featured_media":4759,"template":"","meta":{"_gspb_post_css":""},"product_brand":[],"product_cat":[15],"product_tag":[],"class_list":{"0":"post-4755","1":"product","2":"type-product","3":"status-publish","4":"has-post-thumbnail","6":"product_cat-led-commercial-lighting","8":"first","9":"instock","10":"shipping-taxable","11":"product-type-simple"},"_links":{"self":[{"href":"https:\/\/meagreelight.com\/fr\/wp-json\/wp\/v2\/product\/4755","targetHints":{"allow":["GET"]}}],"collection":[{"href":"https:\/\/meagreelight.com\/fr\/wp-json\/wp\/v2\/product"}],"about":[{"href":"https:\/\/meagreelight.com\/fr\/wp-json\/wp\/v2\/types\/product"}],"wp:featuredmedia":[{"embeddable":true,"href":"https:\/\/meagreelight.com\/fr\/wp-json\/wp\/v2\/media\/4759"}],"wp:attachment":[{"href":"https:\/\/meagreelight.com\/fr\/wp-json\/wp\/v2\/media?parent=4755"}],"wp:term":[{"taxonomy":"product_brand","embeddable":true,"href":"https:\/\/meagreelight.com\/fr\/wp-json\/wp\/v2\/product_brand?post=4755"},{"taxonomy":"product_cat","embeddable":true,"href":"https:\/\/meagreelight.com\/fr\/wp-json\/wp\/v2\/product_cat?post=4755"},{"taxonomy":"product_tag","embeddable":true,"href":"https:\/\/meagreelight.com\/fr\/wp-json\/wp\/v2\/product_tag?post=4755"}],"curies":[{"name":"wp","href":"https:\/\/api.w.org\/{rel}","templated":true}]}}