{"id":4836,"date":"2026-04-21T09:36:10","date_gmt":"2026-04-21T09:36:10","guid":{"rendered":"https:\/\/meagreelight.com\/?post_type=product&#038;p=4836"},"modified":"2026-04-21T09:36:10","modified_gmt":"2026-04-21T09:36:10","slug":"magnetic-linear-pendant-20w-for-dining-and-reception-zones","status":"publish","type":"product","link":"https:\/\/meagreelight.com\/es\/magnetic-linear-pendant-20w-for-dining-and-reception-zones\/","title":{"rendered":"Colgante Magn\u00e9tico Lineal 20W para Zonas de Comedor y Recepci\u00f3n"},"content":{"rendered":"<p>Magnetic Linear Pendant 20W es una luminaria lineal suspendida dise\u00f1ada para iluminar zonas de comedor y recepci\u00f3n, a\u00f1adiendo una clara l\u00ednea a\u00e9rea a los interiores comerciales. Se adapta a mostradores de recepci\u00f3n de hoteles, zonas de espera, comedores y otros entornos de recepci\u00f3n en los que la iluminaci\u00f3n debe favorecer tanto la orientaci\u00f3n como el ambiente. El enfoque de sistema magn\u00e9tico tambi\u00e9n es adecuado para proyectos que utilizan un dise\u00f1o de iluminaci\u00f3n coordinado en zonas adyacentes.<\/p>","protected":false},"excerpt":{"rendered":"<p>Colgante lineal magn\u00e9tico de 20 W para iluminaci\u00f3n de comedores y recepciones, adecuado para hosteler\u00eda, zonas de espera e interiores comerciales de recepci\u00f3n.<\/p>","protected":false},"featured_media":4844,"template":"","meta":{"_gspb_post_css":""},"product_brand":[],"product_cat":[1449],"product_tag":[],"class_list":{"0":"post-4836","1":"product","2":"type-product","3":"status-publish","4":"has-post-thumbnail","6":"product_cat-magnetic-track-light","8":"first","9":"instock","10":"shipping-taxable","11":"product-type-simple"},"_links":{"self":[{"href":"https:\/\/meagreelight.com\/es\/wp-json\/wp\/v2\/product\/4836","targetHints":{"allow":["GET"]}}],"collection":[{"href":"https:\/\/meagreelight.com\/es\/wp-json\/wp\/v2\/product"}],"about":[{"href":"https:\/\/meagreelight.com\/es\/wp-json\/wp\/v2\/types\/product"}],"wp:featuredmedia":[{"embeddable":true,"href":"https:\/\/meagreelight.com\/es\/wp-json\/wp\/v2\/media\/4844"}],"wp:attachment":[{"href":"https:\/\/meagreelight.com\/es\/wp-json\/wp\/v2\/media?parent=4836"}],"wp:term":[{"taxonomy":"product_brand","embeddable":true,"href":"https:\/\/meagreelight.com\/es\/wp-json\/wp\/v2\/product_brand?post=4836"},{"taxonomy":"product_cat","embeddable":true,"href":"https:\/\/meagreelight.com\/es\/wp-json\/wp\/v2\/product_cat?post=4836"},{"taxonomy":"product_tag","embeddable":true,"href":"https:\/\/meagreelight.com\/es\/wp-json\/wp\/v2\/product_tag?post=4836"}],"curies":[{"name":"wp","href":"https:\/\/api.w.org\/{rel}","templated":true}]}}