{"id":4835,"date":"2026-04-21T09:34:08","date_gmt":"2026-04-21T09:34:08","guid":{"rendered":"https:\/\/meagreelight.com\/?post_type=product&#038;p=4835"},"modified":"2026-04-21T09:34:08","modified_gmt":"2026-04-21T09:34:08","slug":"high-cri-led-track-head-12w-for-boutique-display-shelving","status":"publish","type":"product","link":"https:\/\/meagreelight.com\/es\/high-cri-led-track-head-12w-for-boutique-display-shelving\/","title":{"rendered":"Carril LED 12W de alto CRI para expositores de boutiques"},"content":{"rendered":"<p>Este cabezal de LED de 12 W y alto CRI para carril est\u00e1 dise\u00f1ado para estanter\u00edas de boutiques y combina un formato montado en carril con una iluminaci\u00f3n focalizada para la presentaci\u00f3n de la mercanc\u00eda. Es ideal para estanter\u00edas, expositores e interiores de tiendas en los que el aspecto de los colores y los detalles de los productos deben leerse con claridad a corta distancia. El formato de cabezal de carril tambi\u00e9n funciona bien en proyectos de boutiques que requieren que las posiciones de iluminaci\u00f3n se ajusten a medida que cambian las colecciones o la disposici\u00f3n de los estantes.<\/p>","protected":false},"excerpt":{"rendered":"<p>Un riel LED de 12 W y alto CRI para estanter\u00edas de boutiques, utilizado para iluminar estantes en interiores de tiendas y zonas de exposici\u00f3n de mercanc\u00edas.<\/p>","protected":false},"featured_media":4841,"template":"","meta":{"_gspb_post_css":""},"product_brand":[],"product_cat":[1448],"product_tag":[],"class_list":{"0":"post-4835","1":"product","2":"type-product","3":"status-publish","4":"has-post-thumbnail","6":"product_cat-led-track-lighting","8":"first","9":"instock","10":"shipping-taxable","11":"product-type-simple"},"_links":{"self":[{"href":"https:\/\/meagreelight.com\/es\/wp-json\/wp\/v2\/product\/4835","targetHints":{"allow":["GET"]}}],"collection":[{"href":"https:\/\/meagreelight.com\/es\/wp-json\/wp\/v2\/product"}],"about":[{"href":"https:\/\/meagreelight.com\/es\/wp-json\/wp\/v2\/types\/product"}],"wp:featuredmedia":[{"embeddable":true,"href":"https:\/\/meagreelight.com\/es\/wp-json\/wp\/v2\/media\/4841"}],"wp:attachment":[{"href":"https:\/\/meagreelight.com\/es\/wp-json\/wp\/v2\/media?parent=4835"}],"wp:term":[{"taxonomy":"product_brand","embeddable":true,"href":"https:\/\/meagreelight.com\/es\/wp-json\/wp\/v2\/product_brand?post=4835"},{"taxonomy":"product_cat","embeddable":true,"href":"https:\/\/meagreelight.com\/es\/wp-json\/wp\/v2\/product_cat?post=4835"},{"taxonomy":"product_tag","embeddable":true,"href":"https:\/\/meagreelight.com\/es\/wp-json\/wp\/v2\/product_tag?post=4835"}],"curies":[{"name":"wp","href":"https:\/\/api.w.org\/{rel}","templated":true}]}}