{"id":4791,"date":"2026-04-21T08:49:32","date_gmt":"2026-04-21T08:49:32","guid":{"rendered":"https:\/\/meagreelight.com\/?post_type=product&#038;p=4791"},"modified":"2026-04-21T08:49:32","modified_gmt":"2026-04-21T08:49:32","slug":"cob-led-downlight-20w-for-retail-accent-lighting","status":"publish","type":"product","link":"https:\/\/meagreelight.com\/es\/cob-led-downlight-20w-for-retail-accent-lighting\/","title":{"rendered":"Downlight LED COB de 20 W para iluminaci\u00f3n de acento en comercios"},"content":{"rendered":"<p>COB LED Downlight 20W es una luminaria empotrada en el techo destinada a la iluminaci\u00f3n de acento en comercios, que ayuda a dirigir la atenci\u00f3n hacia mercanc\u00edas y zonas de exposici\u00f3n seleccionadas. Es ideal para boutiques, suelos de tiendas, paredes de productos, zonas de estanter\u00edas y zonas de cajeros en las que una iluminaci\u00f3n de techo focalizada contribuye a la jerarqu\u00eda visual de la tienda. El formato downlight tambi\u00e9n hace que la presentaci\u00f3n del techo sea visualmente m\u00e1s silenciosa, lo que funciona bien en proyectos de tiendas en los que la iluminaci\u00f3n debe encajar perfectamente en el esquema general del interior.<\/p>","protected":false},"excerpt":{"rendered":"<p>Downlight LED COB de 20 W para iluminaci\u00f3n empotrada de acento en tiendas, utilizado para resaltar la mercanc\u00eda en boutiques, zonas de exposici\u00f3n, \u00e1reas de estanter\u00edas e interiores de tiendas.<\/p>","protected":false},"featured_media":4799,"template":"","meta":{"_gspb_post_css":""},"product_brand":[],"product_cat":[1445],"product_tag":[],"class_list":{"0":"post-4791","1":"product","2":"type-product","3":"status-publish","4":"has-post-thumbnail","6":"product_cat-led-downlights","8":"first","9":"instock","10":"shipping-taxable","11":"product-type-simple"},"_links":{"self":[{"href":"https:\/\/meagreelight.com\/es\/wp-json\/wp\/v2\/product\/4791","targetHints":{"allow":["GET"]}}],"collection":[{"href":"https:\/\/meagreelight.com\/es\/wp-json\/wp\/v2\/product"}],"about":[{"href":"https:\/\/meagreelight.com\/es\/wp-json\/wp\/v2\/types\/product"}],"wp:featuredmedia":[{"embeddable":true,"href":"https:\/\/meagreelight.com\/es\/wp-json\/wp\/v2\/media\/4799"}],"wp:attachment":[{"href":"https:\/\/meagreelight.com\/es\/wp-json\/wp\/v2\/media?parent=4791"}],"wp:term":[{"taxonomy":"product_brand","embeddable":true,"href":"https:\/\/meagreelight.com\/es\/wp-json\/wp\/v2\/product_brand?post=4791"},{"taxonomy":"product_cat","embeddable":true,"href":"https:\/\/meagreelight.com\/es\/wp-json\/wp\/v2\/product_cat?post=4791"},{"taxonomy":"product_tag","embeddable":true,"href":"https:\/\/meagreelight.com\/es\/wp-json\/wp\/v2\/product_tag?post=4791"}],"curies":[{"name":"wp","href":"https:\/\/api.w.org\/{rel}","templated":true}]}}