{"id":4757,"date":"2026-04-21T07:53:14","date_gmt":"2026-04-21T07:53:14","guid":{"rendered":"https:\/\/meagreelight.com\/?post_type=product&#038;p=4757"},"modified":"2026-04-21T07:53:14","modified_gmt":"2026-04-21T07:53:14","slug":"trimless-led-downlight-15w-for-minimalist-office-interiors","status":"publish","type":"product","link":"https:\/\/meagreelight.com\/es\/trimless-led-downlight-15w-for-minimalist-office-interiors\/","title":{"rendered":"Downlight LED sin marco de 15 W para interiores de oficina minimalistas"},"content":{"rendered":"<p>Trimless LED Downlight 15W es una luminaria empotrada en el techo pensada para una iluminaci\u00f3n limpia y discreta en interiores de oficinas minimalistas. Es ideal para zonas de trabajo de planta abierta, salas de reuniones, espacios de recepci\u00f3n y zonas de circulaci\u00f3n en las que es importante que el techo tenga un aspecto discreto. El detalle sin borde ayuda a que la luminaria se integre en la arquitectura en lugar de dominar visualmente el espacio y favorece un aspecto m\u00e1s integrado en los proyectos de lugares de trabajo contempor\u00e1neos.<\/p>","protected":false},"excerpt":{"rendered":"<p>Downlight LED de 15 W sin recorte para iluminaci\u00f3n empotrada en oficinas, dise\u00f1ado para proporcionar una iluminaci\u00f3n discreta en espacios de trabajo minimalistas, salas de reuniones y zonas de recepci\u00f3n.<\/p>","protected":false},"featured_media":4767,"template":"","meta":{"_gspb_post_css":""},"product_brand":[],"product_cat":[1445],"product_tag":[],"class_list":{"0":"post-4757","1":"product","2":"type-product","3":"status-publish","4":"has-post-thumbnail","6":"product_cat-led-downlights","8":"first","9":"instock","10":"shipping-taxable","11":"product-type-simple"},"_links":{"self":[{"href":"https:\/\/meagreelight.com\/es\/wp-json\/wp\/v2\/product\/4757","targetHints":{"allow":["GET"]}}],"collection":[{"href":"https:\/\/meagreelight.com\/es\/wp-json\/wp\/v2\/product"}],"about":[{"href":"https:\/\/meagreelight.com\/es\/wp-json\/wp\/v2\/types\/product"}],"wp:featuredmedia":[{"embeddable":true,"href":"https:\/\/meagreelight.com\/es\/wp-json\/wp\/v2\/media\/4767"}],"wp:attachment":[{"href":"https:\/\/meagreelight.com\/es\/wp-json\/wp\/v2\/media?parent=4757"}],"wp:term":[{"taxonomy":"product_brand","embeddable":true,"href":"https:\/\/meagreelight.com\/es\/wp-json\/wp\/v2\/product_brand?post=4757"},{"taxonomy":"product_cat","embeddable":true,"href":"https:\/\/meagreelight.com\/es\/wp-json\/wp\/v2\/product_cat?post=4757"},{"taxonomy":"product_tag","embeddable":true,"href":"https:\/\/meagreelight.com\/es\/wp-json\/wp\/v2\/product_tag?post=4757"}],"curies":[{"name":"wp","href":"https:\/\/api.w.org\/{rel}","templated":true}]}}