{"id":4755,"date":"2026-04-21T07:46:58","date_gmt":"2026-04-21T07:46:58","guid":{"rendered":"https:\/\/meagreelight.com\/?post_type=product&#038;p=4755"},"modified":"2026-04-21T07:46:58","modified_gmt":"2026-04-21T07:46:58","slug":"adjustable-commercial-led-downlight-18w-for-reception-area-lighting","status":"publish","type":"product","link":"https:\/\/meagreelight.com\/es\/adjustable-commercial-led-downlight-18w-for-reception-area-lighting\/","title":{"rendered":"Downlight LED comercial regulable de 18 W para iluminaci\u00f3n de zonas de recepci\u00f3n"},"content":{"rendered":"<p>Este downlight LED comercial regulable es una opci\u00f3n de iluminaci\u00f3n de techo de 18 W pensada para su uso en \u00e1reas de recepci\u00f3n, que ayuda a dirigir la luz hacia puntos clave como mostradores, zonas de entrada o \u00e1reas de espera. Se adapta a proyectos en oficinas, hoteles, cl\u00ednicas e interiores comerciales similares en los que las zonas de recepci\u00f3n, vest\u00edbulos y espacios de circulaci\u00f3n necesitan un enfoque de iluminaci\u00f3n limpia y concentrada.<\/p>","protected":false},"excerpt":{"rendered":"<p>Downlight LED comercial regulable de 18 W para la iluminaci\u00f3n de zonas de recepci\u00f3n en vest\u00edbulos de oficinas, recepciones de hoteles y otros interiores de fachadas.<\/p>","protected":false},"featured_media":4759,"template":"","meta":{"_gspb_post_css":""},"product_brand":[],"product_cat":[15],"product_tag":[],"class_list":{"0":"post-4755","1":"product","2":"type-product","3":"status-publish","4":"has-post-thumbnail","6":"product_cat-led-commercial-lighting","8":"first","9":"instock","10":"shipping-taxable","11":"product-type-simple"},"_links":{"self":[{"href":"https:\/\/meagreelight.com\/es\/wp-json\/wp\/v2\/product\/4755","targetHints":{"allow":["GET"]}}],"collection":[{"href":"https:\/\/meagreelight.com\/es\/wp-json\/wp\/v2\/product"}],"about":[{"href":"https:\/\/meagreelight.com\/es\/wp-json\/wp\/v2\/types\/product"}],"wp:featuredmedia":[{"embeddable":true,"href":"https:\/\/meagreelight.com\/es\/wp-json\/wp\/v2\/media\/4759"}],"wp:attachment":[{"href":"https:\/\/meagreelight.com\/es\/wp-json\/wp\/v2\/media?parent=4755"}],"wp:term":[{"taxonomy":"product_brand","embeddable":true,"href":"https:\/\/meagreelight.com\/es\/wp-json\/wp\/v2\/product_brand?post=4755"},{"taxonomy":"product_cat","embeddable":true,"href":"https:\/\/meagreelight.com\/es\/wp-json\/wp\/v2\/product_cat?post=4755"},{"taxonomy":"product_tag","embeddable":true,"href":"https:\/\/meagreelight.com\/es\/wp-json\/wp\/v2\/product_tag?post=4755"}],"curies":[{"name":"wp","href":"https:\/\/api.w.org\/{rel}","templated":true}]}}