{"id":4792,"date":"2026-04-21T08:56:25","date_gmt":"2026-04-21T08:56:25","guid":{"rendered":"https:\/\/meagreelight.com\/?post_type=product&#038;p=4792"},"modified":"2026-04-21T08:56:25","modified_gmt":"2026-04-21T08:56:25","slug":"surface-mounted-linear-led-light-24w-for-corridor-ceiling-lighting","status":"publish","type":"product","link":"https:\/\/meagreelight.com\/de\/surface-mounted-linear-led-light-24w-for-corridor-ceiling-lighting\/","title":{"rendered":"Lineare LED-Anbauleuchte 24W f\u00fcr Korridor-Deckenbeleuchtungen"},"content":{"rendered":"<p>Diese lineare 24-W-LED-Anbauleuchte ist f\u00fcr die Deckenbeleuchtung von Fluren gedacht und bietet eine klare, lineare Form f\u00fcr die Deckenbeleuchtung in Verkehrsbereichen. Sie eignet sich gut f\u00fcr Flure, Durchg\u00e4nge und Verbindungszonen in kommerziellen, gastgewerblichen und \u00f6ffentlichen Innenprojekten, wo eine gleichm\u00e4\u00dfige Deckenbeleuchtung erforderlich ist. Die Anbauleuchte eignet sich auch f\u00fcr R\u00e4ume, in denen eine einfache Deckeninstallation und eine saubere optische Linie erforderlich sind.<\/p>","protected":false},"excerpt":{"rendered":"<p>Eine lineare 24-W-LED-Anbauleuchte f\u00fcr die Deckenbeleuchtung von Fluren, Verkehrswegen und inneren Durchgangsbereichen in Gesch\u00e4ftsgeb\u00e4uden.<\/p>","protected":false},"featured_media":4802,"template":"","meta":{"_gspb_post_css":""},"product_brand":[],"product_cat":[1446],"product_tag":[],"class_list":{"0":"post-4792","1":"product","2":"type-product","3":"status-publish","4":"has-post-thumbnail","6":"product_cat-led-linear-lighting","8":"first","9":"instock","10":"shipping-taxable","11":"product-type-simple"},"_links":{"self":[{"href":"https:\/\/meagreelight.com\/de\/wp-json\/wp\/v2\/product\/4792","targetHints":{"allow":["GET"]}}],"collection":[{"href":"https:\/\/meagreelight.com\/de\/wp-json\/wp\/v2\/product"}],"about":[{"href":"https:\/\/meagreelight.com\/de\/wp-json\/wp\/v2\/types\/product"}],"wp:featuredmedia":[{"embeddable":true,"href":"https:\/\/meagreelight.com\/de\/wp-json\/wp\/v2\/media\/4802"}],"wp:attachment":[{"href":"https:\/\/meagreelight.com\/de\/wp-json\/wp\/v2\/media?parent=4792"}],"wp:term":[{"taxonomy":"product_brand","embeddable":true,"href":"https:\/\/meagreelight.com\/de\/wp-json\/wp\/v2\/product_brand?post=4792"},{"taxonomy":"product_cat","embeddable":true,"href":"https:\/\/meagreelight.com\/de\/wp-json\/wp\/v2\/product_cat?post=4792"},{"taxonomy":"product_tag","embeddable":true,"href":"https:\/\/meagreelight.com\/de\/wp-json\/wp\/v2\/product_tag?post=4792"}],"curies":[{"name":"wp","href":"https:\/\/api.w.org\/{rel}","templated":true}]}}