{"id":4773,"date":"2026-04-21T08:08:13","date_gmt":"2026-04-21T08:08:13","guid":{"rendered":"https:\/\/meagreelight.com\/?post_type=product&#038;p=4773"},"modified":"2026-04-21T08:08:13","modified_gmt":"2026-04-21T08:08:13","slug":"adjustable-cob-led-spotlight-15w-for-museum-display-lighting","status":"publish","type":"product","link":"https:\/\/meagreelight.com\/de\/adjustable-cob-led-spotlight-15w-for-museum-display-lighting\/","title":{"rendered":"Einstellbarer COB-LED-Strahler 15 W f\u00fcr Museumsbeleuchtung"},"content":{"rendered":"<p>Dieser verstellbare COB-LED-Strahler mit 15 W ist f\u00fcr die Beleuchtung von Museumsausstellungen gedacht und bietet Kuratoren und Projektplanern eine M\u00f6glichkeit zur gerichteten Beleuchtung von Exponaten, Kunstwerken und ausgestellten Objekten. Er eignet sich gut f\u00fcr Museen, Galerien, Ausstellungsr\u00e4ume und Ausstellungsbereiche, in denen einzelne St\u00fccke in einem kontrollierten Innenbereich visuell hervorgehoben werden m\u00fcssen. Ihr verstellbares Format hilft auch dabei, die Beleuchtung auf wechselnde Layouts oder rotierende Displays abzustimmen.<\/p>","protected":false},"excerpt":{"rendered":"<p>Ein verstellbarer 15-W-COB-LED-Strahler f\u00fcr die Beleuchtung von Museumsausstellungen in Galerien, Ausstellungsr\u00e4umen und \u00e4hnlichen kuratierten Ausstellungsumgebungen.<\/p>","protected":false},"featured_media":4777,"template":"","meta":{"_gspb_post_css":""},"product_brand":[],"product_cat":[1447],"product_tag":[],"class_list":{"0":"post-4773","1":"product","2":"type-product","3":"status-publish","4":"has-post-thumbnail","6":"product_cat-led-spotlights","8":"first","9":"instock","10":"shipping-taxable","11":"product-type-simple"},"_links":{"self":[{"href":"https:\/\/meagreelight.com\/de\/wp-json\/wp\/v2\/product\/4773","targetHints":{"allow":["GET"]}}],"collection":[{"href":"https:\/\/meagreelight.com\/de\/wp-json\/wp\/v2\/product"}],"about":[{"href":"https:\/\/meagreelight.com\/de\/wp-json\/wp\/v2\/types\/product"}],"wp:featuredmedia":[{"embeddable":true,"href":"https:\/\/meagreelight.com\/de\/wp-json\/wp\/v2\/media\/4777"}],"wp:attachment":[{"href":"https:\/\/meagreelight.com\/de\/wp-json\/wp\/v2\/media?parent=4773"}],"wp:term":[{"taxonomy":"product_brand","embeddable":true,"href":"https:\/\/meagreelight.com\/de\/wp-json\/wp\/v2\/product_brand?post=4773"},{"taxonomy":"product_cat","embeddable":true,"href":"https:\/\/meagreelight.com\/de\/wp-json\/wp\/v2\/product_cat?post=4773"},{"taxonomy":"product_tag","embeddable":true,"href":"https:\/\/meagreelight.com\/de\/wp-json\/wp\/v2\/product_tag?post=4773"}],"curies":[{"name":"wp","href":"https:\/\/api.w.org\/{rel}","templated":true}]}}