{"id":4755,"date":"2026-04-21T07:46:58","date_gmt":"2026-04-21T07:46:58","guid":{"rendered":"https:\/\/meagreelight.com\/?post_type=product&#038;p=4755"},"modified":"2026-04-21T07:46:58","modified_gmt":"2026-04-21T07:46:58","slug":"adjustable-commercial-led-downlight-18w-for-reception-area-lighting","status":"publish","type":"product","link":"https:\/\/meagreelight.com\/de\/adjustable-commercial-led-downlight-18w-for-reception-area-lighting\/","title":{"rendered":"Einstellbares kommerzielles LED-Downlight 18W f\u00fcr die Beleuchtung des Empfangsbereichs"},"content":{"rendered":"<p>Dieses verstellbare kommerzielle LED-Downlight ist eine 18-W-Deckenbeleuchtung, die f\u00fcr den Einsatz in Empfangsbereichen gedacht ist und dazu beitr\u00e4gt, das Licht auf wichtige Punkte wie Empfangstresen, Eingangsbereiche oder Wartezonen zu richten. Es eignet sich f\u00fcr Projekte in B\u00fcros, Hotels, Kliniken und \u00e4hnlichen kommerziellen Innenr\u00e4umen, in denen Empfangsbereiche, Foyers und Verkehrsfl\u00e4chen eine saubere, fokussierte Downlight-Beleuchtung ben\u00f6tigen.<\/p>","protected":false},"excerpt":{"rendered":"<p>Ein verstellbares 18-W-LED-Downlight f\u00fcr den kommerziellen Einsatz zur Beleuchtung von Empfangsbereichen in B\u00fcro-Lobbys, Hotel-Rezeptionen und anderen Innenr\u00e4umen im Front-of-House-Bereich.<\/p>","protected":false},"featured_media":4759,"template":"","meta":{"_gspb_post_css":""},"product_brand":[],"product_cat":[15],"product_tag":[],"class_list":{"0":"post-4755","1":"product","2":"type-product","3":"status-publish","4":"has-post-thumbnail","6":"product_cat-led-commercial-lighting","8":"first","9":"instock","10":"shipping-taxable","11":"product-type-simple"},"_links":{"self":[{"href":"https:\/\/meagreelight.com\/de\/wp-json\/wp\/v2\/product\/4755","targetHints":{"allow":["GET"]}}],"collection":[{"href":"https:\/\/meagreelight.com\/de\/wp-json\/wp\/v2\/product"}],"about":[{"href":"https:\/\/meagreelight.com\/de\/wp-json\/wp\/v2\/types\/product"}],"wp:featuredmedia":[{"embeddable":true,"href":"https:\/\/meagreelight.com\/de\/wp-json\/wp\/v2\/media\/4759"}],"wp:attachment":[{"href":"https:\/\/meagreelight.com\/de\/wp-json\/wp\/v2\/media?parent=4755"}],"wp:term":[{"taxonomy":"product_brand","embeddable":true,"href":"https:\/\/meagreelight.com\/de\/wp-json\/wp\/v2\/product_brand?post=4755"},{"taxonomy":"product_cat","embeddable":true,"href":"https:\/\/meagreelight.com\/de\/wp-json\/wp\/v2\/product_cat?post=4755"},{"taxonomy":"product_tag","embeddable":true,"href":"https:\/\/meagreelight.com\/de\/wp-json\/wp\/v2\/product_tag?post=4755"}],"curies":[{"name":"wp","href":"https:\/\/api.w.org\/{rel}","templated":true}]}}